{"id":1399,"date":"2026-03-26T01:47:27","date_gmt":"2026-03-26T00:47:27","guid":{"rendered":"https:\/\/wowstageevents.com\/?post_type=product&#038;p=1399"},"modified":"2026-04-23T09:10:33","modified_gmt":"2026-04-23T07:10:33","slug":"flamencos-roma","status":"publish","type":"product","link":"https:\/\/wowstageevents.com\/en\/evento\/flamencos-roma\/","title":{"rendered":"flaMENcos ROMA"},"content":{"rendered":"<p><strong>flaMENcos<\/strong> \u00e8 uno spettacolo interpretato esclusivamente da uomini che reinventa la forza, l\u2019eleganza e la verit\u00e0 del flamenco. Sei artisti di altissimo livello si incontrano in scena per dare voce a diversi modi di vivere la mascolinit\u00e0 attraverso la danza, il canto e la chitarra flamenca, dimostrando che l\u2019essenza del flamenco pu\u00f2 assumere molte forme senza perdere autenticit\u00e0 n\u00e9 profondit\u00e0 emotiva. La tradizione dialoga con l\u2019innovazione in una proposta intensa, sincera e contemporanea, in cui ogni gesto si lega alla memoria collettiva e al <em>duende<\/em> che definisce quest\u2019arte.<\/p>\n<p><strong>flaMENcos<\/strong> rappresenta una celebrazione dell\u2019identit\u00e0 culturale spagnola, in cui il flamenco torna a occupare il suo posto sulla scena con una proposta che ne onora le radici e guarda al futuro.<\/p>\n<p>Canto, chitarra flamenca e danza si fondono in una coreografia che richiama:<\/p>\n<ul>\n<li>la passione trattenuta<\/li>\n<li>la forza espressiva<\/li>\n<li>la profonda emozione del flamenco<\/li>\n<\/ul>\n<p>Uno spettacolo pensato sia per gli amanti del flamenco sia per un nuovo pubblico.<\/p>\n<p><strong>Artisti in scena<\/strong><\/p>\n<p><strong>Danza:<\/strong> Cristian P\u00e9rez, Jos\u00e9 Vi\u00f1as, Rub\u00e9n Puertas<\/p>\n<p><strong>Canto:<\/strong> Juan Debel<\/p>\n<p><strong>Chitarra flamenca:<\/strong> Antonio Gonz\u00e1lez<\/p>\n<p><strong>Percussioni:<\/strong> Manuel Moncadita<\/p>\n<p><strong>Durata dello spettacolo:<\/strong> Circa 1 ora e 15 minuti<\/p>\n<p><a href=\"https:\/\/share.google\/DOmGdT5qONooUzHTj\"><strong>Teatro:<\/strong> <span class=\"notion-enable-hover\" data-token-index=\"0\">Ghione &#8211; Teatro di Roma <\/span>Via delle Fornaci, 37, 00165 Roma RM, Italia<\/a><!-- notionvc: a8afb2dd-b1b2-4bb6-8e13-9ff64068e400 --><\/p>\n<p><!-- notionvc: d281201a-5f14-4bb1-9f6d-637fe147bd07 --><\/p>","protected":false},"excerpt":{"rendered":"<p>Uno spettacolo interpretato esclusivamente da uomini che reinventano la forza, l&#8217;eleganza e l&#8217;autenticit\u00e0 del flamenco.<\/p>","protected":false},"featured_media":1400,"comment_status":"open","ping_status":"closed","template":"","meta":[],"product_brand":[],"product_cat":[15],"product_tag":[],"class_list":{"0":"post-1399","1":"product","2":"type-product","3":"status-publish","4":"has-post-thumbnail","6":"product_cat-sin-categorizar","8":"first","9":"instock","10":"taxable","11":"shipping-taxable","12":"purchasable","13":"product-type-variable"},"_links":{"self":[{"href":"https:\/\/wowstageevents.com\/en\/wp-json\/wp\/v2\/product\/1399","targetHints":{"allow":["GET"]}}],"collection":[{"href":"https:\/\/wowstageevents.com\/en\/wp-json\/wp\/v2\/product"}],"about":[{"href":"https:\/\/wowstageevents.com\/en\/wp-json\/wp\/v2\/types\/product"}],"replies":[{"embeddable":true,"href":"https:\/\/wowstageevents.com\/en\/wp-json\/wp\/v2\/comments?post=1399"}],"wp:featuredmedia":[{"embeddable":true,"href":"https:\/\/wowstageevents.com\/en\/wp-json\/wp\/v2\/media\/1400"}],"wp:attachment":[{"href":"https:\/\/wowstageevents.com\/en\/wp-json\/wp\/v2\/media?parent=1399"}],"wp:term":[{"taxonomy":"product_brand","embeddable":true,"href":"https:\/\/wowstageevents.com\/en\/wp-json\/wp\/v2\/product_brand?post=1399"},{"taxonomy":"product_cat","embeddable":true,"href":"https:\/\/wowstageevents.com\/en\/wp-json\/wp\/v2\/product_cat?post=1399"},{"taxonomy":"product_tag","embeddable":true,"href":"https:\/\/wowstageevents.com\/en\/wp-json\/wp\/v2\/product_tag?post=1399"}],"curies":[{"name":"wp","href":"https:\/\/api.w.org\/{rel}","templated":true}]}}